{"id":861,"date":"2020-08-06T21:34:53","date_gmt":"2020-08-06T21:34:53","guid":{"rendered":"https:\/\/occivic.org\/?page_id=861"},"modified":"2025-02-05T22:25:32","modified_gmt":"2025-02-05T22:25:32","slug":"early","status":"publish","type":"page","link":"https:\/\/occivic.org\/es\/early\/","title":{"rendered":"\u00bfSab\u00eda que.."},"content":{"rendered":"\n<div class=\"wp-block-cover alignfull has-background-dim\" style=\"background-image:url(http:\/\/occivic.org\/wp-content\/uploads\/sites\/4\/2020\/08\/Casting-ballot2-242265540-scaled-1.jpeg);background-position:72% 75%\"><div class=\"wp-block-cover__inner-container is-layout-flow wp-block-cover-is-layout-flow\">\n<h1 class=\"wp-block-heading\">\u00bfSab\u00eda que..<\/h1>\n\n\n\n<h3 class=\"wp-block-heading\">puede votar hasta 5 d\u00edas antes del d\u00eda de elecciones?<\/h3>\n\n\n\n<h2 class=\"has-text-align-center wp-block-heading\">\u00a1Celebremos el d\u00eda de <strong>VOTAR POR ANTICIPADO<\/strong>!<\/h2>\n\n\n\n<div style=\"height:100px\" aria-hidden=\"true\" class=\"wp-block-spacer\"><\/div>\n<\/div><\/div>\n\n\n\n<h2 class=\"has-text-align-center wp-block-heading\">\u00bfRepresenta una organizaci\u00f3n comunitaria?<\/h2>\n\n\n\n<div class=\"wp-block-buttons aligncenter is-layout-flex wp-block-buttons-is-layout-flex\">\n<div class=\"wp-block-button\"><a class=\"wp-block-button__link\" href=\"https:\/\/occet.ourpowerbase.net\/c3\/early-day\">\u00a1Inscr\u00edbase para promover el Evento!<\/a><\/div>\n<\/div>\n\n\n\n<div class=\"wp-block-media-text alignwide is-stacked-on-mobile is-image-fill\"><figure class=\"wp-block-media-text__media\" style=\"background-image:url(http:\/\/occivic.org\/wp-content\/uploads\/sites\/4\/2020\/08\/LWV-Early-Voting-1024x683.jpg);background-position:50% 50%\"><img fetchpriority=\"high\" decoding=\"async\" width=\"1024\" height=\"683\" src=\"http:\/\/occivic.org\/wp-content\/uploads\/sites\/4\/2020\/08\/LWV-Early-Voting-1024x683.jpg\" alt=\"\" class=\"wp-image-640\" srcset=\"https:\/\/occivic.org\/wp-content\/uploads\/sites\/4\/2020\/08\/LWV-Early-Voting-1024x683.jpg 1024w, https:\/\/occivic.org\/wp-content\/uploads\/sites\/4\/2020\/08\/LWV-Early-Voting-300x200.jpg 300w, https:\/\/occivic.org\/wp-content\/uploads\/sites\/4\/2020\/08\/LWV-Early-Voting-768x512.jpg 768w, https:\/\/occivic.org\/wp-content\/uploads\/sites\/4\/2020\/08\/LWV-Early-Voting-1536x1024.jpg 1536w, https:\/\/occivic.org\/wp-content\/uploads\/sites\/4\/2020\/08\/LWV-Early-Voting-2048x1365.jpg 2048w, https:\/\/occivic.org\/wp-content\/uploads\/sites\/4\/2020\/08\/LWV-Early-Voting-1200x800.jpg 1200w, https:\/\/occivic.org\/wp-content\/uploads\/sites\/4\/2020\/08\/LWV-Early-Voting-1980x1320.jpg 1980w\" sizes=\"(max-width: 1024px) 100vw, 1024px\" \/><\/figure><div class=\"wp-block-media-text__content\">\n<h2 class=\"wp-block-heading\">Cuando vota de manera anticipada..<\/h2>\n\n\n\n<p>\u00a1puede asegurarse que, pase lo que pase, aunque el d\u00eda de elecciones est\u00e9 ocupado por la escuela o el trabajo, o aunque hayan l\u00edneas de espera para votar, siempre podr\u00e1 votar con tiempo de sobra!<\/p>\n<\/div><\/div>\n\n\n\n<div class=\"wp-block-columns alignwide is-layout-flex wp-container-core-columns-is-layout-9d6595d7 wp-block-columns-is-layout-flex\">\n<div class=\"wp-block-column is-layout-flow wp-block-column-is-layout-flow\">\n<h2 class=\"wp-block-heading\">Expertos pronostican un r\u00e9cord en la participaci\u00f3n votante este a\u00f1o<\/h2>\n\n\n\n<p>Durante las \u00faltimas elecciones presidenciales, el 40% de votantes votaron de manera anticipada. Este a\u00f1o se prev\u00e9 que las tasas de participaci\u00f3n sean entre las m\u00e1s altas en la historia. Queremos que todos sepan sus opciones de voto.<\/p>\n<\/div>\n\n\n\n<div class=\"wp-block-column is-layout-flow wp-block-column-is-layout-flow\">\n<figure class=\"wp-block-embed-vimeo wp-block-embed is-type-video is-provider-vimeo wp-embed-aspect-16-9 wp-has-aspect-ratio\"><div class=\"wp-block-embed__wrapper\">\n<iframe title=\"Vote Early Day Promo Video\" src=\"https:\/\/player.vimeo.com\/video\/442229191?dnt=1&amp;app_id=122963\" width=\"580\" height=\"326\" frameborder=\"0\" allow=\"autoplay; fullscreen; picture-in-picture; clipboard-write\"><\/iframe>\n<\/div><\/figure>\n<\/div>\n<\/div>\n\n\n\n<h3 class=\"wp-block-heading\">\u00bfQu\u00e9 opciones tenemos al votar en el condado de Orange?<\/h3>\n\n\n\n<div class=\"wp-block-columns alignfull is-layout-flex wp-container-core-columns-is-layout-9d6595d7 wp-block-columns-is-layout-flex\">\n<div class=\"wp-block-column is-layout-flow wp-block-column-is-layout-flow\">\n<h2 class=\"wp-block-heading\">Por correo<\/h2>\n\n\n\n<figure class=\"wp-block-image size-large\"><img decoding=\"async\" width=\"978\" height=\"562\" src=\"http:\/\/occivic.org\/wp-content\/uploads\/sites\/4\/2020\/08\/chrome_lEliSl2siQ-e1597004285890.png\" alt=\"\" class=\"wp-image-661\" srcset=\"https:\/\/occivic.org\/wp-content\/uploads\/sites\/4\/2020\/08\/chrome_lEliSl2siQ-e1597004285890.png 978w, https:\/\/occivic.org\/wp-content\/uploads\/sites\/4\/2020\/08\/chrome_lEliSl2siQ-e1597004285890-300x172.png 300w, https:\/\/occivic.org\/wp-content\/uploads\/sites\/4\/2020\/08\/chrome_lEliSl2siQ-e1597004285890-768x441.png 768w\" sizes=\"(max-width: 978px) 100vw, 978px\" \/><\/figure>\n\n\n\n<p>Si est\u00e1 registrado para votar, recibir\u00e1 autom\u00e1ticamente una boleta por correo. Llene la boleta, luego selle, escriba la fecha y firme el sobre. No necesita una estampilla. Simplemente devuelva su boleta por correo, depos\u00edtela en cualquier caja de boletas claramente identificado o en cualquier lugar de votaci\u00f3n, o p\u00eddale a una persona de confianza que la devuelva por usted.<\/p>\n\n\n\n<p>Puede devolver su boleta en cualquier momento y no m\u00e1s tarde de las 8 p.m. el d\u00eda de la elecci\u00f3n. Las boletas enviadas por correo se contar\u00e1n si tienen el sello postal del d\u00eda de las elecciones y se reciben dentro de los 17 d\u00edas posteriores al d\u00eda de la elecci\u00f3n.<\/p>\n\n\n\n<p>Reg\u00edstrese para rastrear su boleta en <a href=\"https:\/\/california.ballottrax.net\/voter\/\">BallotTrax<\/a>.<\/p>\n<\/div>\n\n\n\n<div class=\"wp-block-column is-layout-flow wp-block-column-is-layout-flow\">\n<h2 class=\"wp-block-heading\">Buz\u00f3n de entrega<\/h2>\n\n\n\n<figure class=\"wp-block-image size-large\"><img decoding=\"async\" width=\"1024\" height=\"576\" src=\"http:\/\/occivic.org\/wp-content\/uploads\/sites\/4\/2020\/08\/OC-Registrar-Ballot-Dropbox.mp4_000003211-1024x576.jpg\" alt=\"\" class=\"wp-image-662\" srcset=\"https:\/\/occivic.org\/wp-content\/uploads\/sites\/4\/2020\/08\/OC-Registrar-Ballot-Dropbox.mp4_000003211-1024x576.jpg 1024w, https:\/\/occivic.org\/wp-content\/uploads\/sites\/4\/2020\/08\/OC-Registrar-Ballot-Dropbox.mp4_000003211-300x169.jpg 300w, https:\/\/occivic.org\/wp-content\/uploads\/sites\/4\/2020\/08\/OC-Registrar-Ballot-Dropbox.mp4_000003211-768x432.jpg 768w, https:\/\/occivic.org\/wp-content\/uploads\/sites\/4\/2020\/08\/OC-Registrar-Ballot-Dropbox.mp4_000003211-1200x675.jpg 1200w, https:\/\/occivic.org\/wp-content\/uploads\/sites\/4\/2020\/08\/OC-Registrar-Ballot-Dropbox.mp4_000003211.jpg 1280w\" sizes=\"(max-width: 1024px) 100vw, 1024px\" \/><\/figure>\n\n\n\n<p>Puede dejar su boleta en un buz\u00f3n de entrega de boletas en cualquier momento. No necesita estampilla. Los votantes con discapacidad pueden utilizar su propia tecnolog\u00eda para marcar sus boletas en casa.<\/p>\n<\/div>\n\n\n\n<div class=\"wp-block-column is-layout-flow wp-block-column-is-layout-flow\">\n<h2 class=\"wp-block-heading\">En persona<\/h2>\n\n\n\n<figure class=\"wp-block-image size-large\"><img loading=\"lazy\" decoding=\"async\" width=\"1024\" height=\"576\" src=\"http:\/\/occivic.org\/wp-content\/uploads\/sites\/4\/2020\/08\/OC-Registrar-Vote-Center.mp4_000004368-1024x576.jpg\" alt=\"\" class=\"wp-image-663\" srcset=\"https:\/\/occivic.org\/wp-content\/uploads\/sites\/4\/2020\/08\/OC-Registrar-Vote-Center.mp4_000004368-1024x576.jpg 1024w, https:\/\/occivic.org\/wp-content\/uploads\/sites\/4\/2020\/08\/OC-Registrar-Vote-Center.mp4_000004368-300x169.jpg 300w, https:\/\/occivic.org\/wp-content\/uploads\/sites\/4\/2020\/08\/OC-Registrar-Vote-Center.mp4_000004368-768x432.jpg 768w, https:\/\/occivic.org\/wp-content\/uploads\/sites\/4\/2020\/08\/OC-Registrar-Vote-Center.mp4_000004368-1536x864.jpg 1536w, https:\/\/occivic.org\/wp-content\/uploads\/sites\/4\/2020\/08\/OC-Registrar-Vote-Center.mp4_000004368-1200x675.jpg 1200w, https:\/\/occivic.org\/wp-content\/uploads\/sites\/4\/2020\/08\/OC-Registrar-Vote-Center.mp4_000004368.jpg 1920w\" sizes=\"(max-width: 1024px) 100vw, 1024px\" \/><\/figure>\n\n\n\n<p>Puede visitar en persona cualquier Centro de Voto en el condado. Ahora tenemos Centros de Voto en vez de mesas electorales. Algunos centros de voto estar\u00e1n abiertos desde el S\u00e1bado 23 de Octubre. Todos los centros de voto estar\u00e1n abiertos por 4 d\u00edas &#8211; desde el 31 de Octubre hasta el 3 de Noviembre. <\/p>\n\n\n\n<p>En todos los centros de voto tambi\u00e9n puede registrarse el mismo d\u00eda (si es que no estaba registrado de antemano), y puede entregar su boleta de correo.<\/p>\n<\/div>\n<\/div>\n\n\n\n<p>\u00bfVive fuera de California? Encuentre m\u00e1s informaci\u00f3n en el sitio web nacional:  <a href=\"https:\/\/www.voteearlyday.org\/\"><strong>Vote Early 2020<\/strong><\/a>.<\/p>\n\n\n\n<p class=\"has-small-font-size\">Cr\u00e9ditos de foto: <a href=\"https:\/\/www.voteearlyday.org\/\">League of Women Voters<\/a><\/p>\n","protected":false},"excerpt":{"rendered":"<p>\u00bfRepresenta una organizaci\u00f3n comunitaria? Cuando vota de manera anticipada.. \u00a1puede asegurarse que, pase lo que pase, aunque el d\u00eda de elecciones est\u00e9 ocupado por la escuela o el trabajo, o aunque hayan l\u00edneas de espera para votar, siempre podr\u00e1 votar con tiempo de sobra! Expertos pronostican un r\u00e9cord en la participaci\u00f3n votante este a\u00f1o Durante [&hellip;]<\/p>\n","protected":false},"author":1,"featured_media":0,"parent":0,"menu_order":0,"comment_status":"closed","ping_status":"closed","template":"","meta":{"footnotes":""},"class_list":["post-861","page","type-page","status-publish","hentry"],"yoast_head":"<!-- This site is optimized with the Yoast SEO Premium plugin v25.6 (Yoast SEO v25.6) - https:\/\/yoast.com\/wordpress\/plugins\/seo\/ -->\n<title>\u00bfSab\u00eda que.. - OCCET<\/title>\n<meta name=\"robots\" content=\"index, follow, max-snippet:-1, max-image-preview:large, max-video-preview:-1\" \/>\n<link rel=\"canonical\" href=\"https:\/\/occivic.org\/es\/early\/\" \/>\n<meta property=\"og:locale\" content=\"es_ES\" \/>\n<meta property=\"og:type\" content=\"article\" \/>\n<meta property=\"og:title\" content=\"\u00bfSab\u00eda que..\" \/>\n<meta property=\"og:description\" content=\"\u00bfRepresenta una organizaci\u00f3n comunitaria? Cuando vota de manera anticipada.. \u00a1puede asegurarse que, pase lo que pase, aunque el d\u00eda de elecciones est\u00e9 ocupado por la escuela o el trabajo, o aunque hayan l\u00edneas de espera para votar, siempre podr\u00e1 votar con tiempo de sobra! Expertos pronostican un r\u00e9cord en la participaci\u00f3n votante este a\u00f1o Durante [&hellip;]\" \/>\n<meta property=\"og:url\" content=\"https:\/\/occivic.org\/es\/early\/\" \/>\n<meta property=\"og:site_name\" content=\"OCCET\" \/>\n<meta property=\"article:modified_time\" content=\"2025-02-05T22:25:32+00:00\" \/>\n<meta property=\"og:image\" content=\"http:\/\/occivic.org\/wp-content\/uploads\/sites\/4\/2020\/08\/LWV-Early-Voting-1024x683.jpg\" \/>\n<meta name=\"twitter:card\" content=\"summary_large_image\" \/>\n<meta name=\"twitter:label1\" content=\"Tiempo de lectura\" \/>\n\t<meta name=\"twitter:data1\" content=\"2 minutos\" \/>\n<script type=\"application\/ld+json\" class=\"yoast-schema-graph\">{\"@context\":\"https:\/\/schema.org\",\"@graph\":[{\"@type\":\"WebPage\",\"@id\":\"https:\/\/occivic.org\/es\/early\/\",\"url\":\"https:\/\/occivic.org\/es\/early\/\",\"name\":\"\u00bfSab\u00eda que.. - OCCET\",\"isPartOf\":{\"@id\":\"https:\/\/occivic.org\/#website\"},\"primaryImageOfPage\":{\"@id\":\"https:\/\/occivic.org\/es\/early\/#primaryimage\"},\"image\":{\"@id\":\"https:\/\/occivic.org\/es\/early\/#primaryimage\"},\"thumbnailUrl\":\"http:\/\/occivic.org\/wp-content\/uploads\/sites\/4\/2020\/08\/LWV-Early-Voting-1024x683.jpg\",\"datePublished\":\"2020-08-06T21:34:53+00:00\",\"dateModified\":\"2025-02-05T22:25:32+00:00\",\"breadcrumb\":{\"@id\":\"https:\/\/occivic.org\/es\/early\/#breadcrumb\"},\"inLanguage\":\"es\",\"potentialAction\":[{\"@type\":\"ReadAction\",\"target\":[\"https:\/\/occivic.org\/es\/early\/\"]}]},{\"@type\":\"ImageObject\",\"inLanguage\":\"es\",\"@id\":\"https:\/\/occivic.org\/es\/early\/#primaryimage\",\"url\":\"http:\/\/occivic.org\/wp-content\/uploads\/sites\/4\/2020\/08\/LWV-Early-Voting-1024x683.jpg\",\"contentUrl\":\"http:\/\/occivic.org\/wp-content\/uploads\/sites\/4\/2020\/08\/LWV-Early-Voting-1024x683.jpg\"},{\"@type\":\"BreadcrumbList\",\"@id\":\"https:\/\/occivic.org\/es\/early\/#breadcrumb\",\"itemListElement\":[{\"@type\":\"ListItem\",\"position\":1,\"name\":\"Home\",\"item\":\"https:\/\/occivic.org\/es\/\"},{\"@type\":\"ListItem\",\"position\":2,\"name\":\"\u00bfSab\u00eda que..\"}]},{\"@type\":\"WebSite\",\"@id\":\"https:\/\/occivic.org\/#website\",\"url\":\"https:\/\/occivic.org\/\",\"name\":\"OCCET\",\"description\":\"\",\"publisher\":{\"@id\":\"https:\/\/occivic.org\/#organization\"},\"potentialAction\":[{\"@type\":\"SearchAction\",\"target\":{\"@type\":\"EntryPoint\",\"urlTemplate\":\"https:\/\/occivic.org\/?s={search_term_string}\"},\"query-input\":{\"@type\":\"PropertyValueSpecification\",\"valueRequired\":true,\"valueName\":\"search_term_string\"}}],\"inLanguage\":\"es\"},{\"@type\":[\"Organization\",\"Place\"],\"@id\":\"https:\/\/occivic.org\/#organization\",\"name\":\"OCCET\",\"url\":\"https:\/\/occivic.org\/\",\"logo\":{\"@id\":\"https:\/\/occivic.org\/es\/early\/#local-main-organization-logo\"},\"image\":{\"@id\":\"https:\/\/occivic.org\/es\/early\/#local-main-organization-logo\"},\"telephone\":[],\"openingHoursSpecification\":[{\"@type\":\"OpeningHoursSpecification\",\"dayOfWeek\":[\"Monday\",\"Tuesday\",\"Wednesday\",\"Thursday\",\"Friday\",\"Saturday\",\"Sunday\"],\"opens\":\"09:00\",\"closes\":\"17:00\"}]},{\"@type\":\"ImageObject\",\"inLanguage\":\"es\",\"@id\":\"https:\/\/occivic.org\/es\/early\/#local-main-organization-logo\",\"url\":\"https:\/\/occivic.org\/wp-content\/uploads\/sites\/4\/2025\/02\/OCCET-Bar-Logo-r3.png\",\"contentUrl\":\"https:\/\/occivic.org\/wp-content\/uploads\/sites\/4\/2025\/02\/OCCET-Bar-Logo-r3.png\",\"width\":2488,\"height\":378,\"caption\":\"OCCET\"}]}<\/script>\n<!-- \/ Yoast SEO Premium plugin. -->","yoast_head_json":{"title":"\u00bfSab\u00eda que.. - OCCET","robots":{"index":"index","follow":"follow","max-snippet":"max-snippet:-1","max-image-preview":"max-image-preview:large","max-video-preview":"max-video-preview:-1"},"canonical":"https:\/\/occivic.org\/es\/early\/","og_locale":"es_ES","og_type":"article","og_title":"\u00bfSab\u00eda que..","og_description":"\u00bfRepresenta una organizaci\u00f3n comunitaria? Cuando vota de manera anticipada.. \u00a1puede asegurarse que, pase lo que pase, aunque el d\u00eda de elecciones est\u00e9 ocupado por la escuela o el trabajo, o aunque hayan l\u00edneas de espera para votar, siempre podr\u00e1 votar con tiempo de sobra! Expertos pronostican un r\u00e9cord en la participaci\u00f3n votante este a\u00f1o Durante [&hellip;]","og_url":"https:\/\/occivic.org\/es\/early\/","og_site_name":"OCCET","article_modified_time":"2025-02-05T22:25:32+00:00","og_image":[{"url":"http:\/\/occivic.org\/wp-content\/uploads\/sites\/4\/2020\/08\/LWV-Early-Voting-1024x683.jpg","type":"","width":"","height":""}],"twitter_card":"summary_large_image","twitter_misc":{"Tiempo de lectura":"2 minutos"},"schema":{"@context":"https:\/\/schema.org","@graph":[{"@type":"WebPage","@id":"https:\/\/occivic.org\/es\/early\/","url":"https:\/\/occivic.org\/es\/early\/","name":"\u00bfSab\u00eda que.. - OCCET","isPartOf":{"@id":"https:\/\/occivic.org\/#website"},"primaryImageOfPage":{"@id":"https:\/\/occivic.org\/es\/early\/#primaryimage"},"image":{"@id":"https:\/\/occivic.org\/es\/early\/#primaryimage"},"thumbnailUrl":"http:\/\/occivic.org\/wp-content\/uploads\/sites\/4\/2020\/08\/LWV-Early-Voting-1024x683.jpg","datePublished":"2020-08-06T21:34:53+00:00","dateModified":"2025-02-05T22:25:32+00:00","breadcrumb":{"@id":"https:\/\/occivic.org\/es\/early\/#breadcrumb"},"inLanguage":"es","potentialAction":[{"@type":"ReadAction","target":["https:\/\/occivic.org\/es\/early\/"]}]},{"@type":"ImageObject","inLanguage":"es","@id":"https:\/\/occivic.org\/es\/early\/#primaryimage","url":"http:\/\/occivic.org\/wp-content\/uploads\/sites\/4\/2020\/08\/LWV-Early-Voting-1024x683.jpg","contentUrl":"http:\/\/occivic.org\/wp-content\/uploads\/sites\/4\/2020\/08\/LWV-Early-Voting-1024x683.jpg"},{"@type":"BreadcrumbList","@id":"https:\/\/occivic.org\/es\/early\/#breadcrumb","itemListElement":[{"@type":"ListItem","position":1,"name":"Home","item":"https:\/\/occivic.org\/es\/"},{"@type":"ListItem","position":2,"name":"\u00bfSab\u00eda que.."}]},{"@type":"WebSite","@id":"https:\/\/occivic.org\/#website","url":"https:\/\/occivic.org\/","name":"OCCET","description":"","publisher":{"@id":"https:\/\/occivic.org\/#organization"},"potentialAction":[{"@type":"SearchAction","target":{"@type":"EntryPoint","urlTemplate":"https:\/\/occivic.org\/?s={search_term_string}"},"query-input":{"@type":"PropertyValueSpecification","valueRequired":true,"valueName":"search_term_string"}}],"inLanguage":"es"},{"@type":["Organization","Place"],"@id":"https:\/\/occivic.org\/#organization","name":"OCCET","url":"https:\/\/occivic.org\/","logo":{"@id":"https:\/\/occivic.org\/es\/early\/#local-main-organization-logo"},"image":{"@id":"https:\/\/occivic.org\/es\/early\/#local-main-organization-logo"},"telephone":[],"openingHoursSpecification":[{"@type":"OpeningHoursSpecification","dayOfWeek":["Monday","Tuesday","Wednesday","Thursday","Friday","Saturday","Sunday"],"opens":"09:00","closes":"17:00"}]},{"@type":"ImageObject","inLanguage":"es","@id":"https:\/\/occivic.org\/es\/early\/#local-main-organization-logo","url":"https:\/\/occivic.org\/wp-content\/uploads\/sites\/4\/2025\/02\/OCCET-Bar-Logo-r3.png","contentUrl":"https:\/\/occivic.org\/wp-content\/uploads\/sites\/4\/2025\/02\/OCCET-Bar-Logo-r3.png","width":2488,"height":378,"caption":"OCCET"}]}},"_links":{"self":[{"href":"https:\/\/occivic.org\/es\/wp-json\/wp\/v2\/pages\/861","targetHints":{"allow":["GET"]}}],"collection":[{"href":"https:\/\/occivic.org\/es\/wp-json\/wp\/v2\/pages"}],"about":[{"href":"https:\/\/occivic.org\/es\/wp-json\/wp\/v2\/types\/page"}],"author":[{"embeddable":true,"href":"https:\/\/occivic.org\/es\/wp-json\/wp\/v2\/users\/1"}],"replies":[{"embeddable":true,"href":"https:\/\/occivic.org\/es\/wp-json\/wp\/v2\/comments?post=861"}],"version-history":[{"count":1,"href":"https:\/\/occivic.org\/es\/wp-json\/wp\/v2\/pages\/861\/revisions"}],"predecessor-version":[{"id":3795,"href":"https:\/\/occivic.org\/es\/wp-json\/wp\/v2\/pages\/861\/revisions\/3795"}],"wp:attachment":[{"href":"https:\/\/occivic.org\/es\/wp-json\/wp\/v2\/media?parent=861"}],"curies":[{"name":"wp","href":"https:\/\/api.w.org\/{rel}","templated":true}]}}