{"id":3923,"date":"2020-08-09T20:56:44","date_gmt":"2020-08-10T03:56:44","guid":{"rendered":"https:\/\/occivic.orangecountyaction.com\/front3\/"},"modified":"2025-02-06T20:20:46","modified_gmt":"2025-02-07T04:20:46","slug":"front3","status":"publish","type":"page","link":"https:\/\/occivic.org\/es\/","title":{"rendered":"front rev3"},"content":{"rendered":"\n<div class=\"wp-block-cover alignfull is-light\"><span aria-hidden=\"true\" class=\"wp-block-cover__background has-background-dim\"><\/span><img decoding=\"async\" class=\"wp-block-cover__image-background wp-image-54\" alt=\"\" src=\"https:\/\/occivic.org\/wp-content\/uploads\/sites\/55\/2020\/07\/Hands-raised-sky-AdobeStock_32069160-Copy-scaled.jpeg\" style=\"object-position:53% 66%\" data-object-fit=\"cover\" data-object-position=\"53% 66%\"\/><div class=\"wp-block-cover__inner-container is-layout-flow wp-block-cover-is-layout-flow\">\n<div style=\"height:150px\" aria-hidden=\"true\" class=\"wp-block-spacer\"><\/div>\n\n\n\n<div class=\"wp-block-columns alignwide is-layout-flex wp-container-core-columns-is-layout-9d6595d7 wp-block-columns-is-layout-flex\">\n<div class=\"wp-block-column is-layout-flow wp-block-column-is-layout-flow\">\n<p class=\"has-larger-font-size\">OCCET es una mesa regional (501c3) dedicado a activar a votantes a lo largo de a\u00f1o para crecer el poder de la comunidad y transformar el condado de Orange para lograr equidad y justicia.<\/p>\n<\/div>\n<\/div>\n\n\n\n<div style=\"height:150px\" aria-hidden=\"true\" class=\"wp-block-spacer\"><\/div>\n<\/div><\/div>\n\n\n\n<div style=\"height:100px\" aria-hidden=\"true\" class=\"wp-block-spacer\"><\/div>\n\n\n\n<div class=\"wp-block-media-text alignwide is-stacked-on-mobile is-image-fill-element\"><figure class=\"wp-block-media-text__media\"><img fetchpriority=\"high\" decoding=\"async\" width=\"1024\" height=\"830\" src=\"https:\/\/occivic.org\/wp-content\/uploads\/sites\/55\/2020\/07\/ROC-IMG_6351-scaled-e1595553119323-1024x830.jpg\" alt=\"\" class=\"wp-image-152 size-full\" style=\"object-position:83% 54%\" srcset=\"https:\/\/occivic.org\/wp-content\/uploads\/sites\/4\/2020\/07\/ROC-IMG_6351-scaled-e1595553119323-1024x830.jpg 1024w, https:\/\/occivic.org\/wp-content\/uploads\/sites\/4\/2020\/07\/ROC-IMG_6351-scaled-e1595553119323-300x243.jpg 300w, https:\/\/occivic.org\/wp-content\/uploads\/sites\/4\/2020\/07\/ROC-IMG_6351-scaled-e1595553119323-768x622.jpg 768w, https:\/\/occivic.org\/wp-content\/uploads\/sites\/4\/2020\/07\/ROC-IMG_6351-scaled-e1595553119323-1536x1245.jpg 1536w, https:\/\/occivic.org\/wp-content\/uploads\/sites\/4\/2020\/07\/ROC-IMG_6351-scaled-e1595553119323-2048x1659.jpg 2048w, https:\/\/occivic.org\/wp-content\/uploads\/sites\/4\/2020\/07\/ROC-IMG_6351-scaled-e1595553119323-1200x972.jpg 1200w, https:\/\/occivic.org\/wp-content\/uploads\/sites\/4\/2020\/07\/ROC-IMG_6351-scaled-e1595553119323-1980x1604.jpg 1980w\" sizes=\"(max-width: 1024px) 100vw, 1024px\" \/><\/figure><div class=\"wp-block-media-text__content\">\n<p>La <strong>Mesa de Participaci\u00f3n C\u00edvica del Condado de Orange<\/strong> (OCCET por sus siglas en ingl\u00e9s) es una alianza progresiva Asi\u00e1tica, Latinx, Sindical, y de Justicia Ambiental, impulsando el condado de Orange hacia una transformaci\u00f3n progresiva. Las siete organizaciones miembros de OCCET representan la mayor\u00eda emergente del condado &#8211; inmigrantes Latinx y Asi\u00e1ticos de bajos recursos &#8211; y trabajan en los \u00e1reas de justicia inmigrante, econ\u00f3mica, y racial en la regi\u00f3n.<\/p>\n\n\n\n<p>A trav\u00e9s de esta colaboraci\u00f3n innovadora, OCCET est\u00e1 cometido a aumentar la calidad, escala e impacto de la participaci\u00f3n c\u00edvica en las comunidades de color y poblaciones de bajos recursos en el condado de Orange.<\/p>\n<\/div><\/div>\n\n\n\n<hr class=\"wp-block-separator has-css-opacity is-style-wide\"\/>\n\n\n\n<div class=\"wp-block-media-text alignwide has-media-on-the-right is-stacked-on-mobile\"><div class=\"wp-block-media-text__content\">\n<h2 class=\"wp-block-heading\">Liderazgo en el cambio<\/h2>\n\n\n\n<p>El condado de Orange es uno de los tres condados con mayor poblaci\u00f3n en California, y uno de los seis m\u00e1s populosos de Estados Unidos. Y la regi\u00f3n se encuentra en medio de cambios r\u00e1pidos y dram\u00e1ticos. Las personas de color representan m\u00e1s del 60% de la poblaci\u00f3n; este condado es donde la poblaci\u00f3n asi\u00e1tica e isle\u00f1os del pac\u00edfico est\u00e1n creciendo en la tasa m\u00e1s alta en todo el pa\u00eds.<\/p>\n\n\n\n<p>Cientos de miles de votantes nuevos de color, votantes j\u00f3venes y votantes infrecuentes tienen el poder de establecer los t\u00e9rminos del debate en \u00e1reas de pol\u00edtica p\u00fablica cr\u00edticamente importantes. Durante los \u00faltimos a\u00f1os, varias ciudades transicionaron de un sistema de concejales \u00abat-large\u00bb a un sistema de distritos, recalcando las voces y el liderazgo de un electorado en alce. Estas voces tambi\u00e9n se hacen sentir a trav\u00e9s de cambios de largo plazo en el clima pol\u00edtica en el condado en las pol\u00edticas p\u00fablicas de impuesto equitativo, educaci\u00f3n salud, y justicia criminal.<\/p>\n<\/div><figure class=\"wp-block-media-text__media\"><img decoding=\"async\" width=\"717\" height=\"690\" src=\"https:\/\/occivic.org\/wp-content\/uploads\/sites\/55\/2020\/07\/OC-People-of-Color-v2.png\" alt=\"\" class=\"wp-image-595 size-full\" srcset=\"https:\/\/occivic.org\/wp-content\/uploads\/sites\/4\/2020\/07\/OC-People-of-Color-v2.png 717w, https:\/\/occivic.org\/wp-content\/uploads\/sites\/4\/2020\/07\/OC-People-of-Color-v2-300x289.png 300w\" sizes=\"(max-width: 717px) 100vw, 717px\" \/><\/figure><\/div>\n\n\n\n<div class=\"wp-block-media-text alignwide is-stacked-on-mobile is-image-fill-element\"><figure class=\"wp-block-media-text__media\"><img decoding=\"async\" width=\"1024\" height=\"1024\" src=\"https:\/\/occivic.org\/wp-content\/uploads\/sites\/55\/2020\/07\/91584757_666422784107006_3920056783233613824_o-1-1024x1024.jpg\" alt=\"\" class=\"wp-image-518 size-full\" style=\"object-position:51% 38%\" srcset=\"https:\/\/occivic.org\/wp-content\/uploads\/sites\/4\/2020\/07\/91584757_666422784107006_3920056783233613824_o-1-1024x1024.jpg 1024w, https:\/\/occivic.org\/wp-content\/uploads\/sites\/4\/2020\/07\/91584757_666422784107006_3920056783233613824_o-1-300x300.jpg 300w, https:\/\/occivic.org\/wp-content\/uploads\/sites\/4\/2020\/07\/91584757_666422784107006_3920056783233613824_o-1-150x150.jpg 150w, https:\/\/occivic.org\/wp-content\/uploads\/sites\/4\/2020\/07\/91584757_666422784107006_3920056783233613824_o-1-768x768.jpg 768w, https:\/\/occivic.org\/wp-content\/uploads\/sites\/4\/2020\/07\/91584757_666422784107006_3920056783233613824_o-1-1200x1200.jpg 1200w, https:\/\/occivic.org\/wp-content\/uploads\/sites\/4\/2020\/07\/91584757_666422784107006_3920056783233613824_o-1.jpg 1440w\" sizes=\"(max-width: 1024px) 100vw, 1024px\" \/><\/figure><div class=\"wp-block-media-text__content\">\n<p>Fue en la c\u00faspide de estos cambios que las organizaciones locales que hab\u00edan estado colaborando durante los a\u00f1os decidieron formar la Mesa de Participaci\u00f3n C\u00edvica del Condado de Orange (OCCET por sus siglas en ingl\u00e9s). Primero iniciado como una colaboraci\u00f3n entre fundaciones y organizaciones de base en el 2012, continuamos un proceso de alineamiento y coordinaci\u00f3n hasta llegar a establecernos en una mesa a nivel de condado en el a\u00f1o 2017.<\/p>\n\n\n\n<p>Nos planteamos integrar nuestro trabajo de organizaci\u00f3n comunitaria de ciclo completo como parte de nuestra estrategia de alcance a votantes que profundizar\u00e1 nuestra relaci\u00f3n con la base. Buscamos estrategias creativas e innovadoras para aumentar la escala y la potencia de nuestro impacto, resultando en el crecimiento del poder de las comunidades m\u00e1s arrebatadas en el proceso c\u00edvico. Estamos orgullosos sobre lo que hemos logrado, y lo que nos proponemos promover para el futuro.<\/p>\n<\/div><\/div>\n\n\n\n<hr class=\"wp-block-separator has-css-opacity is-style-wide\"\/>\n\n\n\n<div class=\"wp-block-media-text alignwide has-media-on-the-right is-stacked-on-mobile is-image-fill-element\"><div class=\"wp-block-media-text__content\">\n<h2 class=\"wp-block-heading\">Nuestra estrategia<\/h2>\n\n\n\n<p>El cambio a largo plazo ocurre cuando nuestras organizaciones de base proveen el liderazgo estrat\u00e9gico en las comunidades que organizan y mobilizan. Recalcamos la importancia de fortalecer nuestra membres\u00eda y grupos de l\u00edderes en el marco del cambio social a largo plazo y solidaridad intercultural. Priorizamos estrategias con impacto inmediato que conllevar\u00e1n a una transformaci\u00f3n a largo plazo del condado.<\/p>\n\n\n\n<p>Nuestro enfoque est\u00e1 en una audaz organizaci\u00f3n de base para cambiar pol\u00edticas p\u00fablicas, legados culturales, y el poder de la comunidad para mejorar las vidas y la salud de las personas. Nuestra perspectiva tiene el potencial de ser un modelo de organizaci\u00f3n de base para el resto del pa\u00eds. <\/p>\n<\/div><figure class=\"wp-block-media-text__media\"><img loading=\"lazy\" decoding=\"async\" width=\"1024\" height=\"893\" src=\"https:\/\/occivic.org\/wp-content\/uploads\/sites\/55\/2020\/07\/ROC-IMG_4403-1-scaled-e1595622726523-1024x893.jpg\" alt=\"\" class=\"wp-image-547 size-full\" style=\"object-position:51% 44%\" srcset=\"https:\/\/occivic.org\/wp-content\/uploads\/sites\/4\/2020\/07\/ROC-IMG_4403-1-scaled-e1595622726523-1024x893.jpg 1024w, https:\/\/occivic.org\/wp-content\/uploads\/sites\/4\/2020\/07\/ROC-IMG_4403-1-scaled-e1595622726523-300x262.jpg 300w, https:\/\/occivic.org\/wp-content\/uploads\/sites\/4\/2020\/07\/ROC-IMG_4403-1-scaled-e1595622726523-768x670.jpg 768w, https:\/\/occivic.org\/wp-content\/uploads\/sites\/4\/2020\/07\/ROC-IMG_4403-1-scaled-e1595622726523-1536x1339.jpg 1536w, https:\/\/occivic.org\/wp-content\/uploads\/sites\/4\/2020\/07\/ROC-IMG_4403-1-scaled-e1595622726523-1200x1046.jpg 1200w, https:\/\/occivic.org\/wp-content\/uploads\/sites\/4\/2020\/07\/ROC-IMG_4403-1-scaled-e1595622726523.jpg 1952w\" sizes=\"(max-width: 1024px) 100vw, 1024px\" \/><\/figure><\/div>\n\n\n\n<hr class=\"wp-block-separator has-css-opacity is-style-wide\"\/>\n\n\n\n<div class=\"wp-block-media-text alignwide is-stacked-on-mobile is-image-fill-element\"><figure class=\"wp-block-media-text__media\"><img loading=\"lazy\" decoding=\"async\" width=\"1024\" height=\"576\" src=\"https:\/\/occivic.org\/wp-content\/uploads\/sites\/55\/2020\/07\/Ahri-IMG_2862-1024x576.jpg\" alt=\"\" class=\"wp-image-576 size-full\" style=\"object-position:51% 34%\" srcset=\"https:\/\/occivic.org\/wp-content\/uploads\/sites\/4\/2020\/07\/Ahri-IMG_2862-1024x576.jpg 1024w, https:\/\/occivic.org\/wp-content\/uploads\/sites\/4\/2020\/07\/Ahri-IMG_2862-300x169.jpg 300w, https:\/\/occivic.org\/wp-content\/uploads\/sites\/4\/2020\/07\/Ahri-IMG_2862-768x432.jpg 768w, https:\/\/occivic.org\/wp-content\/uploads\/sites\/4\/2020\/07\/Ahri-IMG_2862-1536x864.jpg 1536w, https:\/\/occivic.org\/wp-content\/uploads\/sites\/4\/2020\/07\/Ahri-IMG_2862-2048x1152.jpg 2048w, https:\/\/occivic.org\/wp-content\/uploads\/sites\/4\/2020\/07\/Ahri-IMG_2862-1200x675.jpg 1200w, https:\/\/occivic.org\/wp-content\/uploads\/sites\/4\/2020\/07\/Ahri-IMG_2862-1980x1114.jpg 1980w\" sizes=\"(max-width: 1024px) 100vw, 1024px\" \/><\/figure><div class=\"wp-block-media-text__content\">\n<h2 class=\"wp-block-heading\">\u00a1Invol\u00facrese!<\/h2>\n\n\n\n<p>Llene este formulario para recibir noticias por email. Tambi\u00e9n puede unirse con nuestras <a href=\"https:\/\/occivic.org\/partners\/\">organizaciones de base<\/a>!<\/p>\n\n\n\n<div class=\"field\">\n\n<label for=\"email-Primary\">Email<\/label>\n<\/div>\n<div class=\"field\">\n\n<label for=\"postal_code-Primary\">ZIP Code<\/label>\n<\/div>\n<div class=\"field\">\n\n<label for=\"first_name\">First Name<\/label>\n<\/div>\n<div class=\"field\">\n\n<label for=\"last_name\">Last Name<\/label>\n<\/div>\n\n\n <i class=\"crm-i fa-check\"><\/i>\n\n\n\n<p><\/p>\n<\/div><\/div>\n\n\n\n<hr class=\"wp-block-separator has-css-opacity is-style-wide\"\/>\n\n\n\n<h2 class=\"wp-block-heading has-text-align-center has-accent-color has-text-color\">Noticias<\/h2>\n\n\n<ul class=\"wp-block-latest-posts__list is-grid columns-3 has-dates alignwide wp-block-latest-posts\"><li><div class=\"wp-block-latest-posts__featured-image alignleft\"><a href=\"https:\/\/occivic.org\/es\/2881\/\" title=\"Organizaciones comunitarias publican \u201cMapa del Pueblo\u201d en medio de creciente preocupaci\u00f3n de inclinaci\u00f3n partisana en el proceso de redistribuci\u00f3n de distritos de la Mesa de Supervisores del Condado de Orange\"><img loading=\"lazy\" decoding=\"async\" width=\"150\" height=\"150\" src=\"https:\/\/occivic.org\/wp-content\/uploads\/sites\/4\/2021\/10\/PRA-BOS-All-Screen-Copy-150x150.png\" class=\"attachment-thumbnail size-thumbnail wp-post-image\" alt=\"\" style=\"max-width:300px;max-height:300px;\" \/><\/a><\/div><a class=\"wp-block-latest-posts__post-title\" href=\"https:\/\/occivic.org\/es\/2881\/\">Organizaciones comunitarias publican \u201cMapa del Pueblo\u201d en medio de creciente preocupaci\u00f3n de inclinaci\u00f3n partisana en el proceso de redistribuci\u00f3n de distritos de la Mesa de Supervisores del Condado de Orange<\/a><time datetime=\"2021-10-26T10:00:00-07:00\" class=\"wp-block-latest-posts__post-date\">octubre 26, 2021<\/time><div class=\"wp-block-latest-posts__post-excerpt\"> Entre la creciente preocupaci\u00f3n de inclinaci\u00f3n partisana en el proceso de redistribuci\u00f3n de distritos de la Mesa de Supervisores del Condado de Orange, una coalici\u00f3n de organizaciones comunitarias dedicadas a la participaci\u00f3n de comunidades de color de bajos recursos anunci\u00f3 su propia propuesta de distritos, la cual refleja meses de partipaci\u00f3n comunitaria. <\/div><\/li>\n<li><div class=\"wp-block-latest-posts__featured-image alignleft\"><a href=\"https:\/\/occivic.org\/es\/2683\/\" title=\"\u00bfC\u00f3mo estar\u00e1n representados los diversos votantes en los nuevos distritos electorales de California?\"><img loading=\"lazy\" decoding=\"async\" width=\"150\" height=\"150\" src=\"https:\/\/occivic.org\/wp-content\/uploads\/sites\/4\/2021\/10\/101321_Redistricting-LA_Little-Saigon_DM_CM_-01-150x150.jpg\" class=\"attachment-thumbnail size-thumbnail wp-post-image\" alt=\"\" style=\"max-width:300px;max-height:300px;\" \/><\/a><\/div><a class=\"wp-block-latest-posts__post-title\" href=\"https:\/\/occivic.org\/es\/2683\/\">\u00bfC\u00f3mo estar\u00e1n representados los diversos votantes en los nuevos distritos electorales de California?<\/a><time datetime=\"2021-10-14T09:21:12-07:00\" class=\"wp-block-latest-posts__post-date\">octubre 14, 2021<\/time><div class=\"wp-block-latest-posts__post-excerpt\">En todo el estado, los organizadores se est\u00e1n uniendo para asegurarse de que los nuevos distritos locales, legislativos y del Congreso lleven a una representaci\u00f3n diversa. El historial de la Comisi\u00f3n de Redistribuci\u00f3n de Distritos de Ciudadanos es heterog\u00e9neo, seg\u00fan dos estudios recientes. &#8211; CalMatters<\/div><\/li>\n<\/ul>","protected":false},"excerpt":{"rendered":"<p>La Mesa de Participaci\u00f3n C\u00edvica del Condado de Orange (OCCET por sus siglas en ingl\u00e9s) es una alianza progresiva Asi\u00e1tica, Latinx, Sindical, y de Justicia Ambiental, impulsando el condado de Orange hacia una transformaci\u00f3n progresiva. Las siete organizaciones miembros de OCCET representan la mayor\u00eda emergente del condado &#8211; inmigrantes Latinx y Asi\u00e1ticos de bajos recursos [&hellip;]<\/p>\n","protected":false},"author":1,"featured_media":0,"parent":0,"menu_order":0,"comment_status":"closed","ping_status":"closed","template":"","meta":{"footnotes":""},"class_list":["post-3923","page","type-page","status-publish","hentry"],"yoast_head":"<!-- This site is optimized with the Yoast SEO Premium plugin v25.6 (Yoast SEO v25.6) - https:\/\/yoast.com\/wordpress\/plugins\/seo\/ -->\n<title>front rev3 - OCCET<\/title>\n<meta name=\"robots\" content=\"index, follow, max-snippet:-1, max-image-preview:large, max-video-preview:-1\" \/>\n<link rel=\"canonical\" href=\"https:\/\/occivic.org\/es\/\" \/>\n<meta property=\"og:locale\" content=\"es_ES\" \/>\n<meta property=\"og:type\" content=\"article\" \/>\n<meta property=\"og:title\" content=\"front rev3\" \/>\n<meta property=\"og:description\" content=\"La Mesa de Participaci\u00f3n C\u00edvica del Condado de Orange (OCCET por sus siglas en ingl\u00e9s) es una alianza progresiva Asi\u00e1tica, Latinx, Sindical, y de Justicia Ambiental, impulsando el condado de Orange hacia una transformaci\u00f3n progresiva. Las siete organizaciones miembros de OCCET representan la mayor\u00eda emergente del condado &#8211; inmigrantes Latinx y Asi\u00e1ticos de bajos recursos [&hellip;]\" \/>\n<meta property=\"og:url\" content=\"https:\/\/occivic.org\/es\/\" \/>\n<meta property=\"og:site_name\" content=\"OCCET\" \/>\n<meta property=\"article:modified_time\" content=\"2025-02-07T04:20:46+00:00\" \/>\n<meta property=\"og:image\" content=\"https:\/\/occivic.org\/wp-content\/uploads\/sites\/4\/2020\/07\/Hands-raised-sky-AdobeStock_32069160-Copy-scaled-1.jpeg\" \/>\n\t<meta property=\"og:image:width\" content=\"2560\" \/>\n\t<meta property=\"og:image:height\" content=\"1717\" \/>\n\t<meta property=\"og:image:type\" content=\"image\/jpeg\" \/>\n<meta name=\"twitter:card\" content=\"summary_large_image\" \/>\n<meta name=\"twitter:label1\" content=\"Tiempo de lectura\" \/>\n\t<meta name=\"twitter:data1\" content=\"3 minutos\" \/>\n<script type=\"application\/ld+json\" class=\"yoast-schema-graph\">{\"@context\":\"https:\/\/schema.org\",\"@graph\":[{\"@type\":\"WebPage\",\"@id\":\"https:\/\/occivic.org\/es\/\",\"url\":\"https:\/\/occivic.org\/es\/\",\"name\":\"front rev3 - OCCET\",\"isPartOf\":{\"@id\":\"https:\/\/occivic.org\/#website\"},\"primaryImageOfPage\":{\"@id\":\"https:\/\/occivic.org\/es\/#primaryimage\"},\"image\":{\"@id\":\"https:\/\/occivic.org\/es\/#primaryimage\"},\"thumbnailUrl\":\"https:\/\/occivic.org\/wp-content\/uploads\/sites\/55\/2020\/07\/Hands-raised-sky-AdobeStock_32069160-Copy-scaled.jpeg\",\"datePublished\":\"2020-08-10T03:56:44+00:00\",\"dateModified\":\"2025-02-07T04:20:46+00:00\",\"breadcrumb\":{\"@id\":\"https:\/\/occivic.org\/es\/#breadcrumb\"},\"inLanguage\":\"es\",\"potentialAction\":[{\"@type\":\"ReadAction\",\"target\":[\"https:\/\/occivic.org\/es\/\"]}]},{\"@type\":\"ImageObject\",\"inLanguage\":\"es\",\"@id\":\"https:\/\/occivic.org\/es\/#primaryimage\",\"url\":\"https:\/\/occivic.org\/wp-content\/uploads\/sites\/55\/2020\/07\/Hands-raised-sky-AdobeStock_32069160-Copy-scaled.jpeg\",\"contentUrl\":\"https:\/\/occivic.org\/wp-content\/uploads\/sites\/55\/2020\/07\/Hands-raised-sky-AdobeStock_32069160-Copy-scaled.jpeg\"},{\"@type\":\"BreadcrumbList\",\"@id\":\"https:\/\/occivic.org\/es\/#breadcrumb\",\"itemListElement\":[{\"@type\":\"ListItem\",\"position\":1,\"name\":\"Home\",\"item\":\"https:\/\/occivic.org\/es\/\"},{\"@type\":\"ListItem\",\"position\":2,\"name\":\"front rev3\"}]},{\"@type\":\"WebSite\",\"@id\":\"https:\/\/occivic.org\/#website\",\"url\":\"https:\/\/occivic.org\/\",\"name\":\"OCCET\",\"description\":\"\",\"publisher\":{\"@id\":\"https:\/\/occivic.org\/#organization\"},\"potentialAction\":[{\"@type\":\"SearchAction\",\"target\":{\"@type\":\"EntryPoint\",\"urlTemplate\":\"https:\/\/occivic.org\/?s={search_term_string}\"},\"query-input\":{\"@type\":\"PropertyValueSpecification\",\"valueRequired\":true,\"valueName\":\"search_term_string\"}}],\"inLanguage\":\"es\"},{\"@type\":[\"Organization\",\"Place\"],\"@id\":\"https:\/\/occivic.org\/#organization\",\"name\":\"OCCET\",\"url\":\"https:\/\/occivic.org\/\",\"logo\":{\"@id\":\"https:\/\/occivic.org\/es\/#local-main-organization-logo\"},\"image\":{\"@id\":\"https:\/\/occivic.org\/es\/#local-main-organization-logo\"},\"telephone\":[],\"openingHoursSpecification\":[{\"@type\":\"OpeningHoursSpecification\",\"dayOfWeek\":[\"Monday\",\"Tuesday\",\"Wednesday\",\"Thursday\",\"Friday\",\"Saturday\",\"Sunday\"],\"opens\":\"09:00\",\"closes\":\"17:00\"}]},{\"@type\":\"ImageObject\",\"inLanguage\":\"es\",\"@id\":\"https:\/\/occivic.org\/es\/#local-main-organization-logo\",\"url\":\"https:\/\/occivic.org\/wp-content\/uploads\/sites\/4\/2025\/02\/OCCET-Bar-Logo-r3.png\",\"contentUrl\":\"https:\/\/occivic.org\/wp-content\/uploads\/sites\/4\/2025\/02\/OCCET-Bar-Logo-r3.png\",\"width\":2488,\"height\":378,\"caption\":\"OCCET\"}]}<\/script>\n<!-- \/ Yoast SEO Premium plugin. -->","yoast_head_json":{"title":"front rev3 - OCCET","robots":{"index":"index","follow":"follow","max-snippet":"max-snippet:-1","max-image-preview":"max-image-preview:large","max-video-preview":"max-video-preview:-1"},"canonical":"https:\/\/occivic.org\/es\/","og_locale":"es_ES","og_type":"article","og_title":"front rev3","og_description":"La Mesa de Participaci\u00f3n C\u00edvica del Condado de Orange (OCCET por sus siglas en ingl\u00e9s) es una alianza progresiva Asi\u00e1tica, Latinx, Sindical, y de Justicia Ambiental, impulsando el condado de Orange hacia una transformaci\u00f3n progresiva. Las siete organizaciones miembros de OCCET representan la mayor\u00eda emergente del condado &#8211; inmigrantes Latinx y Asi\u00e1ticos de bajos recursos [&hellip;]","og_url":"https:\/\/occivic.org\/es\/","og_site_name":"OCCET","article_modified_time":"2025-02-07T04:20:46+00:00","og_image":[{"width":2560,"height":1717,"url":"https:\/\/occivic.org\/wp-content\/uploads\/sites\/4\/2020\/07\/Hands-raised-sky-AdobeStock_32069160-Copy-scaled-1.jpeg","type":"image\/jpeg"}],"twitter_card":"summary_large_image","twitter_misc":{"Tiempo de lectura":"3 minutos"},"schema":{"@context":"https:\/\/schema.org","@graph":[{"@type":"WebPage","@id":"https:\/\/occivic.org\/es\/","url":"https:\/\/occivic.org\/es\/","name":"front rev3 - OCCET","isPartOf":{"@id":"https:\/\/occivic.org\/#website"},"primaryImageOfPage":{"@id":"https:\/\/occivic.org\/es\/#primaryimage"},"image":{"@id":"https:\/\/occivic.org\/es\/#primaryimage"},"thumbnailUrl":"https:\/\/occivic.org\/wp-content\/uploads\/sites\/55\/2020\/07\/Hands-raised-sky-AdobeStock_32069160-Copy-scaled.jpeg","datePublished":"2020-08-10T03:56:44+00:00","dateModified":"2025-02-07T04:20:46+00:00","breadcrumb":{"@id":"https:\/\/occivic.org\/es\/#breadcrumb"},"inLanguage":"es","potentialAction":[{"@type":"ReadAction","target":["https:\/\/occivic.org\/es\/"]}]},{"@type":"ImageObject","inLanguage":"es","@id":"https:\/\/occivic.org\/es\/#primaryimage","url":"https:\/\/occivic.org\/wp-content\/uploads\/sites\/55\/2020\/07\/Hands-raised-sky-AdobeStock_32069160-Copy-scaled.jpeg","contentUrl":"https:\/\/occivic.org\/wp-content\/uploads\/sites\/55\/2020\/07\/Hands-raised-sky-AdobeStock_32069160-Copy-scaled.jpeg"},{"@type":"BreadcrumbList","@id":"https:\/\/occivic.org\/es\/#breadcrumb","itemListElement":[{"@type":"ListItem","position":1,"name":"Home","item":"https:\/\/occivic.org\/es\/"},{"@type":"ListItem","position":2,"name":"front rev3"}]},{"@type":"WebSite","@id":"https:\/\/occivic.org\/#website","url":"https:\/\/occivic.org\/","name":"OCCET","description":"","publisher":{"@id":"https:\/\/occivic.org\/#organization"},"potentialAction":[{"@type":"SearchAction","target":{"@type":"EntryPoint","urlTemplate":"https:\/\/occivic.org\/?s={search_term_string}"},"query-input":{"@type":"PropertyValueSpecification","valueRequired":true,"valueName":"search_term_string"}}],"inLanguage":"es"},{"@type":["Organization","Place"],"@id":"https:\/\/occivic.org\/#organization","name":"OCCET","url":"https:\/\/occivic.org\/","logo":{"@id":"https:\/\/occivic.org\/es\/#local-main-organization-logo"},"image":{"@id":"https:\/\/occivic.org\/es\/#local-main-organization-logo"},"telephone":[],"openingHoursSpecification":[{"@type":"OpeningHoursSpecification","dayOfWeek":["Monday","Tuesday","Wednesday","Thursday","Friday","Saturday","Sunday"],"opens":"09:00","closes":"17:00"}]},{"@type":"ImageObject","inLanguage":"es","@id":"https:\/\/occivic.org\/es\/#local-main-organization-logo","url":"https:\/\/occivic.org\/wp-content\/uploads\/sites\/4\/2025\/02\/OCCET-Bar-Logo-r3.png","contentUrl":"https:\/\/occivic.org\/wp-content\/uploads\/sites\/4\/2025\/02\/OCCET-Bar-Logo-r3.png","width":2488,"height":378,"caption":"OCCET"}]}},"_links":{"self":[{"href":"https:\/\/occivic.org\/es\/wp-json\/wp\/v2\/pages\/3923","targetHints":{"allow":["GET"]}}],"collection":[{"href":"https:\/\/occivic.org\/es\/wp-json\/wp\/v2\/pages"}],"about":[{"href":"https:\/\/occivic.org\/es\/wp-json\/wp\/v2\/types\/page"}],"author":[{"embeddable":true,"href":"https:\/\/occivic.org\/es\/wp-json\/wp\/v2\/users\/1"}],"replies":[{"embeddable":true,"href":"https:\/\/occivic.org\/es\/wp-json\/wp\/v2\/comments?post=3923"}],"version-history":[{"count":1,"href":"https:\/\/occivic.org\/es\/wp-json\/wp\/v2\/pages\/3923\/revisions"}],"predecessor-version":[{"id":3939,"href":"https:\/\/occivic.org\/es\/wp-json\/wp\/v2\/pages\/3923\/revisions\/3939"}],"wp:attachment":[{"href":"https:\/\/occivic.org\/es\/wp-json\/wp\/v2\/media?parent=3923"}],"curies":[{"name":"wp","href":"https:\/\/api.w.org\/{rel}","templated":true}]}}